{"id":2509,"date":"2016-12-05T16:44:16","date_gmt":"2016-12-05T14:44:16","guid":{"rendered":"http:\/\/pivovarerb.sk\/en\/erb-home\/"},"modified":"2025-02-07T15:02:45","modified_gmt":"2025-02-07T14:02:45","slug":"erb","status":"publish","type":"page","link":"https:\/\/pivovarerb.sk\/en\/","title":{"rendered":"ERB"},"content":{"rendered":"","protected":false},"excerpt":{"rendered":"","protected":false},"author":322,"featured_media":0,"parent":0,"menu_order":46,"comment_status":"closed","ping_status":"closed","template":"template-erb-splash.php","meta":{"_acf_changed":false},"class_list":["post-2509","page","type-page","status-publish","hentry"],"acf":[],"yoast_head":"<!-- This site is optimized with the Yoast SEO plugin v27.3 - https:\/\/yoast.com\/product\/yoast-seo-wordpress\/ -->\n<title>ERB - Pivovar ERB<\/title>\n<meta name=\"description\" content=\"Na\u0161\u00edm hlavn\u00fdm cie\u013eom bolo od za\u010diatku vybudova\u0165 pivovar, ktor\u00fd bude unik\u00e1tny nielen na slovensk\u00e9 pomery. Pivovar, v ktorom by sme mohli vyr\u00e1ba\u0165 pivo v\u00fdnimo\u010dnej chuti a vysokej kvality.\" \/>\n<meta name=\"robots\" content=\"index, follow, max-snippet:-1, max-image-preview:large, max-video-preview:-1\" \/>\n<link rel=\"canonical\" href=\"https:\/\/pivovarerb.sk\/en\/\" \/>\n<meta property=\"og:locale\" content=\"en_US\" \/>\n<meta property=\"og:type\" content=\"article\" \/>\n<meta property=\"og:title\" content=\"Pivovar ERB\" \/>\n<meta property=\"og:description\" content=\"Pivovar ERB | Na\u0161\u00edm hlavn\u00fdm cie\u013eom bolo od za\u010diatku vybudova\u0165 pivovar, ktor\u00fd bude unik\u00e1tny nielen na slovensk\u00e9 pomery. Pivovar, v ktorom by sme mohli vyr\u00e1ba\u0165 pivo v\u00fdnimo\u010dnej chuti a vysokej kvality.\" \/>\n<meta property=\"og:url\" content=\"https:\/\/pivovarerb.sk\/en\/\" \/>\n<meta property=\"og:site_name\" content=\"Pivovar ERB\" \/>\n<meta property=\"article:modified_time\" content=\"2025-02-07T14:02:45+00:00\" \/>\n<meta property=\"og:image\" content=\"http:\/\/pivovarerb.sk\/wp-content\/uploads\/2016\/12\/erb_facebook_og_image.png\" \/>\n<meta name=\"twitter:card\" content=\"summary_large_image\" \/>\n<script type=\"application\/ld+json\" class=\"yoast-schema-graph\">{\"@context\":\"https:\\\/\\\/schema.org\",\"@graph\":[{\"@type\":\"WebPage\",\"@id\":\"https:\\\/\\\/pivovarerb.sk\\\/en\\\/\",\"url\":\"https:\\\/\\\/pivovarerb.sk\\\/en\\\/\",\"name\":\"ERB - Pivovar ERB\",\"isPartOf\":{\"@id\":\"https:\\\/\\\/pivovarerb.sk\\\/#website\"},\"datePublished\":\"2016-12-05T14:44:16+00:00\",\"dateModified\":\"2025-02-07T14:02:45+00:00\",\"description\":\"Na\u0161\u00edm hlavn\u00fdm cie\u013eom bolo od za\u010diatku vybudova\u0165 pivovar, ktor\u00fd bude unik\u00e1tny nielen na slovensk\u00e9 pomery. Pivovar, v ktorom by sme mohli vyr\u00e1ba\u0165 pivo v\u00fdnimo\u010dnej chuti a vysokej kvality.\",\"breadcrumb\":{\"@id\":\"https:\\\/\\\/pivovarerb.sk\\\/en\\\/#breadcrumb\"},\"inLanguage\":\"ENH\",\"potentialAction\":[{\"@type\":\"ReadAction\",\"target\":[\"https:\\\/\\\/pivovarerb.sk\\\/en\\\/\"]}]},{\"@type\":\"BreadcrumbList\",\"@id\":\"https:\\\/\\\/pivovarerb.sk\\\/en\\\/#breadcrumb\",\"itemListElement\":[{\"@type\":\"ListItem\",\"position\":1,\"name\":\"Domovsk\u00e1 str\u00e1nka\",\"item\":\"https:\\\/\\\/pivovarerb.sk\\\/en\\\/\"},{\"@type\":\"ListItem\",\"position\":2,\"name\":\"ERB\"}]},{\"@type\":\"WebSite\",\"@id\":\"https:\\\/\\\/pivovarerb.sk\\\/#website\",\"url\":\"https:\\\/\\\/pivovarerb.sk\\\/\",\"name\":\"Pivovar ERB\",\"description\":\"Bu\u010fte n\u00e1ro\u010dn\u00ed.\",\"potentialAction\":[{\"@type\":\"SearchAction\",\"target\":{\"@type\":\"EntryPoint\",\"urlTemplate\":\"https:\\\/\\\/pivovarerb.sk\\\/?s={search_term_string}\"},\"query-input\":{\"@type\":\"PropertyValueSpecification\",\"valueRequired\":true,\"valueName\":\"search_term_string\"}}],\"inLanguage\":\"ENH\"}]}<\/script>\n<!-- \/ Yoast SEO plugin. -->","yoast_head_json":{"title":"ERB - Pivovar ERB","description":"Na\u0161\u00edm hlavn\u00fdm cie\u013eom bolo od za\u010diatku vybudova\u0165 pivovar, ktor\u00fd bude unik\u00e1tny nielen na slovensk\u00e9 pomery. Pivovar, v ktorom by sme mohli vyr\u00e1ba\u0165 pivo v\u00fdnimo\u010dnej chuti a vysokej kvality.","robots":{"index":"index","follow":"follow","max-snippet":"max-snippet:-1","max-image-preview":"max-image-preview:large","max-video-preview":"max-video-preview:-1"},"canonical":"https:\/\/pivovarerb.sk\/en\/","og_locale":"en_US","og_type":"article","og_title":"Pivovar ERB","og_description":"Pivovar ERB | Na\u0161\u00edm hlavn\u00fdm cie\u013eom bolo od za\u010diatku vybudova\u0165 pivovar, ktor\u00fd bude unik\u00e1tny nielen na slovensk\u00e9 pomery. Pivovar, v ktorom by sme mohli vyr\u00e1ba\u0165 pivo v\u00fdnimo\u010dnej chuti a vysokej kvality.","og_url":"https:\/\/pivovarerb.sk\/en\/","og_site_name":"Pivovar ERB","article_modified_time":"2025-02-07T14:02:45+00:00","og_image":[{"url":"http:\/\/pivovarerb.sk\/wp-content\/uploads\/2016\/12\/erb_facebook_og_image.png","type":"","width":"","height":""}],"twitter_card":"summary_large_image","schema":{"@context":"https:\/\/schema.org","@graph":[{"@type":"WebPage","@id":"https:\/\/pivovarerb.sk\/en\/","url":"https:\/\/pivovarerb.sk\/en\/","name":"ERB - Pivovar ERB","isPartOf":{"@id":"https:\/\/pivovarerb.sk\/#website"},"datePublished":"2016-12-05T14:44:16+00:00","dateModified":"2025-02-07T14:02:45+00:00","description":"Na\u0161\u00edm hlavn\u00fdm cie\u013eom bolo od za\u010diatku vybudova\u0165 pivovar, ktor\u00fd bude unik\u00e1tny nielen na slovensk\u00e9 pomery. Pivovar, v ktorom by sme mohli vyr\u00e1ba\u0165 pivo v\u00fdnimo\u010dnej chuti a vysokej kvality.","breadcrumb":{"@id":"https:\/\/pivovarerb.sk\/en\/#breadcrumb"},"inLanguage":"ENH","potentialAction":[{"@type":"ReadAction","target":["https:\/\/pivovarerb.sk\/en\/"]}]},{"@type":"BreadcrumbList","@id":"https:\/\/pivovarerb.sk\/en\/#breadcrumb","itemListElement":[{"@type":"ListItem","position":1,"name":"Domovsk\u00e1 str\u00e1nka","item":"https:\/\/pivovarerb.sk\/en\/"},{"@type":"ListItem","position":2,"name":"ERB"}]},{"@type":"WebSite","@id":"https:\/\/pivovarerb.sk\/#website","url":"https:\/\/pivovarerb.sk\/","name":"Pivovar ERB","description":"Bu\u010fte n\u00e1ro\u010dn\u00ed.","potentialAction":[{"@type":"SearchAction","target":{"@type":"EntryPoint","urlTemplate":"https:\/\/pivovarerb.sk\/?s={search_term_string}"},"query-input":{"@type":"PropertyValueSpecification","valueRequired":true,"valueName":"search_term_string"}}],"inLanguage":"ENH"}]}},"_links":{"self":[{"href":"https:\/\/pivovarerb.sk\/en\/wp-json\/wp\/v2\/pages\/2509","targetHints":{"allow":["GET"]}}],"collection":[{"href":"https:\/\/pivovarerb.sk\/en\/wp-json\/wp\/v2\/pages"}],"about":[{"href":"https:\/\/pivovarerb.sk\/en\/wp-json\/wp\/v2\/types\/page"}],"author":[{"embeddable":true,"href":"https:\/\/pivovarerb.sk\/en\/wp-json\/wp\/v2\/users\/322"}],"replies":[{"embeddable":true,"href":"https:\/\/pivovarerb.sk\/en\/wp-json\/wp\/v2\/comments?post=2509"}],"version-history":[{"count":17,"href":"https:\/\/pivovarerb.sk\/en\/wp-json\/wp\/v2\/pages\/2509\/revisions"}],"predecessor-version":[{"id":48318,"href":"https:\/\/pivovarerb.sk\/en\/wp-json\/wp\/v2\/pages\/2509\/revisions\/48318"}],"wp:attachment":[{"href":"https:\/\/pivovarerb.sk\/en\/wp-json\/wp\/v2\/media?parent=2509"}],"curies":[{"name":"wp","href":"https:\/\/api.w.org\/{rel}","templated":true}]}}